{"id":17633,"date":"2021-05-11T17:09:57","date_gmt":"2021-05-11T15:09:57","guid":{"rendered":"https:\/\/bonpote.com\/climate-myths\/"},"modified":"2023-01-21T18:16:29","modified_gmt":"2023-01-21T17:16:29","slug":"climate-myths","status":"publish","type":"page","link":"https:\/\/bonpote.com\/en\/climate-myths\/","title":{"rendered":"Climate myths"},"content":{"rendered":"\t\t<div data-elementor-type=\"wp-page\" data-elementor-id=\"17633\" class=\"elementor elementor-17633\" data-elementor-post-type=\"page\">\n\t\t\t\t\t\t<section class=\"elementor-section elementor-top-section elementor-element elementor-element-c64f33d elementor-section-full_width elementor-section-height-default elementor-section-height-default\" data-id=\"c64f33d\" data-element_type=\"section\" data-e-type=\"section\">\n\t\t\t\t\t\t<div class=\"elementor-container elementor-column-gap-default\">\n\t\t\t\t\t<div class=\"elementor-column elementor-col-100 elementor-top-column elementor-element elementor-element-a251219\" data-id=\"a251219\" data-element_type=\"column\" data-e-type=\"column\">\n\t\t\t<div class=\"elementor-widget-wrap elementor-element-populated\">\n\t\t\t\t\t\t\t<\/div>\n\t\t<\/div>\n\t\t\t\t\t<\/div>\n\t\t<\/section>\n\t\t\t\t<section class=\"elementor-section elementor-top-section elementor-element elementor-element-c0ce4a8 elementor-section-full_width elementor-section-height-default elementor-section-height-default\" data-id=\"c0ce4a8\" data-element_type=\"section\" data-e-type=\"section\">\n\t\t\t\t\t\t<div class=\"elementor-container elementor-column-gap-default\">\n\t\t\t\t\t<div class=\"elementor-column elementor-col-100 elementor-top-column elementor-element elementor-element-774c131\" data-id=\"774c131\" data-element_type=\"column\" data-e-type=\"column\">\n\t\t\t<div class=\"elementor-widget-wrap elementor-element-populated\">\n\t\t\t\t\t\t\t<\/div>\n\t\t<\/div>\n\t\t\t\t\t<\/div>\n\t\t<\/section>\n\t\t\t\t<section class=\"elementor-section elementor-top-section elementor-element elementor-element-3554b60e elementor-section-full_width elementor-section-height-default elementor-section-height-default\" data-id=\"3554b60e\" data-element_type=\"section\" data-e-type=\"section\" data-settings=\"{&quot;background_background&quot;:&quot;classic&quot;}\">\n\t\t\t\t\t\t<div class=\"elementor-container elementor-column-gap-default\">\n\t\t\t\t\t<div class=\"elementor-column elementor-col-100 elementor-top-column elementor-element elementor-element-7e85efa6\" data-id=\"7e85efa6\" data-element_type=\"column\" data-e-type=\"column\">\n\t\t\t<div class=\"elementor-widget-wrap\">\n\t\t\t\t\t\t\t<\/div>\n\t\t<\/div>\n\t\t\t\t\t<\/div>\n\t\t<\/section>\n\t\t\t\t<section class=\"elementor-section elementor-top-section elementor-element elementor-element-74f18b1b elementor-section-boxed elementor-section-height-default elementor-section-height-default\" data-id=\"74f18b1b\" data-element_type=\"section\" data-e-type=\"section\" data-settings=\"{&quot;background_background&quot;:&quot;classic&quot;}\">\n\t\t\t\t\t\t<div class=\"elementor-container elementor-column-gap-no\">\n\t\t\t\t\t<div class=\"elementor-column elementor-col-100 elementor-top-column elementor-element elementor-element-3296f1fb\" data-id=\"3296f1fb\" data-element_type=\"column\" data-e-type=\"column\">\n\t\t\t<div class=\"elementor-widget-wrap elementor-element-populated\">\n\t\t\t\t\t\t<div class=\"elementor-element elementor-element-353996c9 elementor-align-left elementor-widget elementor-widget-breadcrumbs\" data-id=\"353996c9\" data-element_type=\"widget\" data-e-type=\"widget\" data-widget_type=\"breadcrumbs.default\">\n\t\t\t\t<div class=\"elementor-widget-container\">\n\t\t\t\t\t<p id=\"breadcrumbs\"><span><span><a href=\"https:\/\/bonpote.com\/en\/\">Accueil<\/a><\/span><\/span><\/p>\t\t\t\t<\/div>\n\t\t\t\t<\/div>\n\t\t\t\t\t<\/div>\n\t\t<\/div>\n\t\t\t\t\t<\/div>\n\t\t<\/section>\n\t\t\t\t<section class=\"elementor-section elementor-top-section elementor-element elementor-element-7635b283 elementor-section-boxed elementor-section-height-default elementor-section-height-default\" data-id=\"7635b283\" data-element_type=\"section\" data-e-type=\"section\" data-settings=\"{&quot;background_background&quot;:&quot;classic&quot;}\">\n\t\t\t\t\t\t<div class=\"elementor-container elementor-column-gap-narrow\">\n\t\t\t\t\t<div class=\"elementor-column elementor-col-100 elementor-top-column elementor-element elementor-element-448a6f1c\" data-id=\"448a6f1c\" data-element_type=\"column\" data-e-type=\"column\">\n\t\t\t<div class=\"elementor-widget-wrap\">\n\t\t\t\t\t\t\t<\/div>\n\t\t<\/div>\n\t\t\t\t\t<\/div>\n\t\t<\/section>\n\t\t\t\t<section class=\"elementor-section elementor-top-section elementor-element elementor-element-7383d34c elementor-section-boxed elementor-section-height-default elementor-section-height-default\" data-id=\"7383d34c\" data-element_type=\"section\" data-e-type=\"section\" data-settings=\"{&quot;background_background&quot;:&quot;classic&quot;}\">\n\t\t\t\t\t\t<div class=\"elementor-container elementor-column-gap-narrow\">\n\t\t\t\t\t<div class=\"elementor-column elementor-col-100 elementor-top-column elementor-element elementor-element-7660c25\" data-id=\"7660c25\" data-element_type=\"column\" data-e-type=\"column\">\n\t\t\t<div class=\"elementor-widget-wrap elementor-element-populated\">\n\t\t\t\t\t\t\t<\/div>\n\t\t<\/div>\n\t\t\t\t\t<\/div>\n\t\t<\/section>\n\t\t\t\t<section class=\"elementor-section elementor-top-section elementor-element elementor-element-2ade1c7 elementor-section-full_width elementor-section-height-default elementor-section-height-default\" data-id=\"2ade1c7\" data-element_type=\"section\" data-e-type=\"section\">\n\t\t\t\t\t\t<div class=\"elementor-container elementor-column-gap-default\">\n\t\t\t\t\t<div class=\"elementor-column elementor-col-16 elementor-top-column elementor-element elementor-element-a2937f3\" data-id=\"a2937f3\" data-element_type=\"column\" data-e-type=\"column\">\n\t\t\t<div class=\"elementor-widget-wrap\">\n\t\t\t\t\t\t\t<\/div>\n\t\t<\/div>\n\t\t\t\t<div class=\"elementor-column elementor-col-66 elementor-top-column elementor-element elementor-element-c51844d\" data-id=\"c51844d\" data-element_type=\"column\" data-e-type=\"column\">\n\t\t\t<div class=\"elementor-widget-wrap elementor-element-populated\">\n\t\t\t\t\t\t\t<\/div>\n\t\t<\/div>\n\t\t\t\t<div class=\"elementor-column elementor-col-16 elementor-top-column elementor-element elementor-element-8c31ea5\" data-id=\"8c31ea5\" data-element_type=\"column\" data-e-type=\"column\">\n\t\t\t<div class=\"elementor-widget-wrap\">\n\t\t\t\t\t\t\t<\/div>\n\t\t<\/div>\n\t\t\t\t\t<\/div>\n\t\t<\/section>\n\t\t\t\t<section class=\"elementor-section elementor-top-section elementor-element elementor-element-dd50899 elementor-section-full_width elementor-section-height-default elementor-section-height-default\" data-id=\"dd50899\" data-element_type=\"section\" data-e-type=\"section\">\n\t\t\t\t\t\t<div class=\"elementor-container elementor-column-gap-default\">\n\t\t\t\t\t<div class=\"elementor-column elementor-col-16 elementor-top-column elementor-element elementor-element-2f5a14c\" data-id=\"2f5a14c\" data-element_type=\"column\" data-e-type=\"column\">\n\t\t\t<div class=\"elementor-widget-wrap\">\n\t\t\t\t\t\t\t<\/div>\n\t\t<\/div>\n\t\t\t\t<div class=\"elementor-column elementor-col-66 elementor-top-column elementor-element elementor-element-2a9ba62\" data-id=\"2a9ba62\" data-element_type=\"column\" data-e-type=\"column\">\n\t\t\t<div class=\"elementor-widget-wrap elementor-element-populated\">\n\t\t\t\t\t\t\t<\/div>\n\t\t<\/div>\n\t\t\t\t<div class=\"elementor-column elementor-col-16 elementor-top-column elementor-element elementor-element-81c598e\" data-id=\"81c598e\" data-element_type=\"column\" data-e-type=\"column\">\n\t\t\t<div class=\"elementor-widget-wrap\">\n\t\t\t\t\t\t\t<\/div>\n\t\t<\/div>\n\t\t\t\t\t<\/div>\n\t\t<\/section>\n\t\t\t\t<\/div>","protected":false},"excerpt":{"rendered":"<p>Top Is the Amazon rainforest moving towards a tipping point? 1 year ago Will the Gulf Stream save Europe from climate change? 2 years ago Climate is not weather. Here&#8217;s why. 2 years ago Has climate always changed&nbsp;? 2 years ago Id\u00e9es re\u00e7ues<\/p>","protected":false},"author":11,"featured_media":0,"parent":0,"menu_order":0,"comment_status":"closed","ping_status":"closed","template":"elementor_canvas","meta":{"_acf_changed":false,"inline_featured_image":false,"_lmt_disableupdate":"","_lmt_disable":"","footnotes":""},"class_list":["post-17633","page","type-page","status-publish","hentry"],"acf":[],"yoast_head":"<!-- This site is optimized with the Yoast SEO plugin v27.1.1 - https:\/\/yoast.com\/product\/yoast-seo-wordpress\/ -->\n<title>Bon Pote - Id\u00e9es re\u00e7ues<\/title>\n<meta name=\"description\" content=\"In this category, you will find articles that respond to the most common clich\u00e9s about the climate that come up in conversations.\" \/>\n<meta name=\"robots\" content=\"index, follow, max-snippet:-1, max-image-preview:large, max-video-preview:-1\" \/>\n<link rel=\"canonical\" href=\"https:\/\/bonpote.com\/en\/climate-myths\/\" \/>\n<meta property=\"og:locale\" content=\"en_US\" \/>\n<meta property=\"og:type\" content=\"article\" \/>\n<meta property=\"og:title\" content=\"Bon Pote - Id\u00e9es re\u00e7ues\" \/>\n<meta property=\"og:description\" content=\"In this category, you will find articles that respond to the most common clich\u00e9s about the climate that come up in conversations.\" \/>\n<meta property=\"og:url\" content=\"https:\/\/bonpote.com\/en\/climate-myths\/\" \/>\n<meta property=\"og:site_name\" content=\"Bon Pote\" \/>\n<meta property=\"article:publisher\" content=\"https:\/\/www.facebook.com\/bonpoteofficiel\/\" \/>\n<meta property=\"article:modified_time\" content=\"2023-01-21T17:16:29+00:00\" \/>\n<meta property=\"og:image\" content=\"https:\/\/bonpote.com\/wp-content\/uploads\/2024\/01\/ogimage.png\" \/>\n\t<meta property=\"og:image:width\" content=\"3600\" \/>\n\t<meta property=\"og:image:height\" content=\"1890\" \/>\n\t<meta property=\"og:image:type\" content=\"image\/png\" \/>\n<meta name=\"twitter:card\" content=\"summary_large_image\" \/>\n<meta name=\"twitter:site\" content=\"@Bonpote\" \/>\n<script type=\"application\/ld+json\" class=\"yoast-schema-graph\">{\"@context\":\"https:\/\/schema.org\",\"@graph\":[{\"@type\":\"WebPage\",\"@id\":\"https:\/\/bonpote.com\/en\/climate-myths\/\",\"url\":\"https:\/\/bonpote.com\/en\/climate-myths\/\",\"name\":\"Bon Pote - Id\u00e9es re\u00e7ues\",\"isPartOf\":{\"@id\":\"https:\/\/bonpote.com\/en\/#website\"},\"datePublished\":\"2021-05-11T15:09:57+00:00\",\"dateModified\":\"2023-01-21T17:16:29+00:00\",\"description\":\"In this category, you will find articles that respond to the most common clich\u00e9s about the climate that come up in conversations.\",\"breadcrumb\":{\"@id\":\"https:\/\/bonpote.com\/en\/climate-myths\/#breadcrumb\"},\"inLanguage\":\"en\",\"potentialAction\":[{\"@type\":\"ReadAction\",\"target\":[\"https:\/\/bonpote.com\/en\/climate-myths\/\"]}]},{\"@type\":\"BreadcrumbList\",\"@id\":\"https:\/\/bonpote.com\/en\/climate-myths\/#breadcrumb\",\"itemListElement\":[{\"@type\":\"ListItem\",\"position\":1,\"name\":\"Accueil\",\"item\":\"https:\/\/bonpote.com\/en\/\"},{\"@type\":\"ListItem\",\"position\":2,\"name\":\"Climate myths\"}]},{\"@type\":\"WebSite\",\"@id\":\"https:\/\/bonpote.com\/en\/#website\",\"url\":\"https:\/\/bonpote.com\/en\/\",\"name\":\"Bon Pote\",\"description\":\"Environnement, \u00c9cologie, Soci\u00e9t\u00e9.\",\"publisher\":{\"@id\":\"https:\/\/bonpote.com\/en\/#organization\"},\"potentialAction\":[{\"@type\":\"SearchAction\",\"target\":{\"@type\":\"EntryPoint\",\"urlTemplate\":\"https:\/\/bonpote.com\/en\/?s={search_term_string}\"},\"query-input\":{\"@type\":\"PropertyValueSpecification\",\"valueRequired\":true,\"valueName\":\"search_term_string\"}}],\"inLanguage\":\"en\"},{\"@type\":\"Organization\",\"@id\":\"https:\/\/bonpote.com\/en\/#organization\",\"name\":\"bonpote\",\"url\":\"https:\/\/bonpote.com\/en\/\",\"logo\":{\"@type\":\"ImageObject\",\"inLanguage\":\"en\",\"@id\":\"https:\/\/bonpote.com\/en\/#\/schema\/logo\/image\/\",\"url\":\"https:\/\/bonpote.com\/wp-content\/uploads\/2024\/01\/logobp-1.svg\",\"contentUrl\":\"https:\/\/bonpote.com\/wp-content\/uploads\/2024\/01\/logobp-1.svg\",\"width\":118,\"height\":30,\"caption\":\"bonpote\"},\"image\":{\"@id\":\"https:\/\/bonpote.com\/en\/#\/schema\/logo\/image\/\"},\"sameAs\":[\"https:\/\/www.facebook.com\/bonpoteofficiel\/\",\"https:\/\/x.com\/Bonpote\"]}]}<\/script>\n<!-- \/ Yoast SEO plugin. -->","yoast_head_json":{"title":"Bon Pote - Id\u00e9es re\u00e7ues","description":"In this category, you will find articles that respond to the most common clich\u00e9s about the climate that come up in conversations.","robots":{"index":"index","follow":"follow","max-snippet":"max-snippet:-1","max-image-preview":"max-image-preview:large","max-video-preview":"max-video-preview:-1"},"canonical":"https:\/\/bonpote.com\/en\/climate-myths\/","og_locale":"en_US","og_type":"article","og_title":"Bon Pote - Id\u00e9es re\u00e7ues","og_description":"In this category, you will find articles that respond to the most common clich\u00e9s about the climate that come up in conversations.","og_url":"https:\/\/bonpote.com\/en\/climate-myths\/","og_site_name":"Bon Pote","article_publisher":"https:\/\/www.facebook.com\/bonpoteofficiel\/","article_modified_time":"2023-01-21T17:16:29+00:00","og_image":[{"width":3600,"height":1890,"url":"https:\/\/bonpote.com\/wp-content\/uploads\/2024\/01\/ogimage.png","type":"image\/png"}],"twitter_card":"summary_large_image","twitter_site":"@Bonpote","schema":{"@context":"https:\/\/schema.org","@graph":[{"@type":"WebPage","@id":"https:\/\/bonpote.com\/en\/climate-myths\/","url":"https:\/\/bonpote.com\/en\/climate-myths\/","name":"Bon Pote - Id\u00e9es re\u00e7ues","isPartOf":{"@id":"https:\/\/bonpote.com\/en\/#website"},"datePublished":"2021-05-11T15:09:57+00:00","dateModified":"2023-01-21T17:16:29+00:00","description":"In this category, you will find articles that respond to the most common clich\u00e9s about the climate that come up in conversations.","breadcrumb":{"@id":"https:\/\/bonpote.com\/en\/climate-myths\/#breadcrumb"},"inLanguage":"en","potentialAction":[{"@type":"ReadAction","target":["https:\/\/bonpote.com\/en\/climate-myths\/"]}]},{"@type":"BreadcrumbList","@id":"https:\/\/bonpote.com\/en\/climate-myths\/#breadcrumb","itemListElement":[{"@type":"ListItem","position":1,"name":"Accueil","item":"https:\/\/bonpote.com\/en\/"},{"@type":"ListItem","position":2,"name":"Climate myths"}]},{"@type":"WebSite","@id":"https:\/\/bonpote.com\/en\/#website","url":"https:\/\/bonpote.com\/en\/","name":"Bon Pote","description":"Environnement, \u00c9cologie, Soci\u00e9t\u00e9.","publisher":{"@id":"https:\/\/bonpote.com\/en\/#organization"},"potentialAction":[{"@type":"SearchAction","target":{"@type":"EntryPoint","urlTemplate":"https:\/\/bonpote.com\/en\/?s={search_term_string}"},"query-input":{"@type":"PropertyValueSpecification","valueRequired":true,"valueName":"search_term_string"}}],"inLanguage":"en"},{"@type":"Organization","@id":"https:\/\/bonpote.com\/en\/#organization","name":"bonpote","url":"https:\/\/bonpote.com\/en\/","logo":{"@type":"ImageObject","inLanguage":"en","@id":"https:\/\/bonpote.com\/en\/#\/schema\/logo\/image\/","url":"https:\/\/bonpote.com\/wp-content\/uploads\/2024\/01\/logobp-1.svg","contentUrl":"https:\/\/bonpote.com\/wp-content\/uploads\/2024\/01\/logobp-1.svg","width":118,"height":30,"caption":"bonpote"},"image":{"@id":"https:\/\/bonpote.com\/en\/#\/schema\/logo\/image\/"},"sameAs":["https:\/\/www.facebook.com\/bonpoteofficiel\/","https:\/\/x.com\/Bonpote"]}]}},"jetpack_sharing_enabled":true,"_links":{"self":[{"href":"https:\/\/bonpote.com\/en\/wp-json\/wp\/v2\/pages\/17633","targetHints":{"allow":["GET"]}}],"collection":[{"href":"https:\/\/bonpote.com\/en\/wp-json\/wp\/v2\/pages"}],"about":[{"href":"https:\/\/bonpote.com\/en\/wp-json\/wp\/v2\/types\/page"}],"author":[{"embeddable":true,"href":"https:\/\/bonpote.com\/en\/wp-json\/wp\/v2\/users\/11"}],"replies":[{"embeddable":true,"href":"https:\/\/bonpote.com\/en\/wp-json\/wp\/v2\/comments?post=17633"}],"version-history":[{"count":10,"href":"https:\/\/bonpote.com\/en\/wp-json\/wp\/v2\/pages\/17633\/revisions"}],"predecessor-version":[{"id":20787,"href":"https:\/\/bonpote.com\/en\/wp-json\/wp\/v2\/pages\/17633\/revisions\/20787"}],"wp:attachment":[{"href":"https:\/\/bonpote.com\/en\/wp-json\/wp\/v2\/media?parent=17633"}],"curies":[{"name":"wp","href":"https:\/\/api.w.org\/{rel}","templated":true}]}}